{"id":2228,"date":"2023-02-01T17:36:06","date_gmt":"2023-02-01T16:36:06","guid":{"rendered":"https:\/\/officebricks.de\/1707821515737?page_id=2228"},"modified":"2025-09-08T13:44:58","modified_gmt":"2025-09-08T11:44:58","slug":"mentions-legales","status":"publish","type":"page","link":"https:\/\/officebricks.de\/fr\/mentions-legales\/","title":{"rendered":"Mentions l\u00e9gales"},"content":{"rendered":"\t\t<div data-elementor-type=\"wp-page\" data-elementor-id=\"2228\" class=\"elementor elementor-2228 elementor-27\" data-elementor-post-type=\"page\">\n\t\t\t\t\t\t<section class=\"elementor-section elementor-top-section elementor-element elementor-element-23668a4 legal elementor-section-boxed elementor-section-height-default elementor-section-height-default\" data-id=\"23668a4\" data-element_type=\"section\" data-e-type=\"section\">\n\t\t\t\t\t\t<div class=\"elementor-container elementor-column-gap-default\">\n\t\t\t\t\t<div class=\"elementor-column elementor-col-100 elementor-top-column elementor-element elementor-element-7867b4a\" data-id=\"7867b4a\" data-element_type=\"column\" data-e-type=\"column\">\n\t\t\t<div class=\"elementor-widget-wrap elementor-element-populated\">\n\t\t\t\t\t\t<div class=\"elementor-element elementor-element-8fb3185 elementor-invisible elementor-widget elementor-widget-heading\" data-id=\"8fb3185\" data-element_type=\"widget\" data-e-type=\"widget\" data-settings=\"{&quot;_animation&quot;:&quot;fadeInUp&quot;}\" data-widget_type=\"heading.default\">\n\t\t\t\t<div class=\"elementor-widget-container\">\n\t\t\t\t\t<h1 class=\"elementor-heading-title elementor-size-default\">Mentions l\u00e9gales<\/h1>\t\t\t\t<\/div>\n\t\t\t\t<\/div>\n\t\t\t\t\t<\/div>\n\t\t<\/div>\n\t\t\t\t\t<\/div>\n\t\t<\/section>\n\t\t\t\t<section class=\"elementor-section elementor-top-section elementor-element elementor-element-28b80c0 legal elementor-section-boxed elementor-section-height-default elementor-section-height-default\" data-id=\"28b80c0\" data-element_type=\"section\" data-e-type=\"section\">\n\t\t\t\t\t\t<div class=\"elementor-container elementor-column-gap-wide\">\n\t\t\t\t\t<div class=\"elementor-column elementor-col-50 elementor-top-column elementor-element elementor-element-79404bf\" data-id=\"79404bf\" data-element_type=\"column\" data-e-type=\"column\">\n\t\t\t<div class=\"elementor-widget-wrap elementor-element-populated\">\n\t\t\t\t\t\t<div class=\"elementor-element elementor-element-0db3873 elementor-widget elementor-widget-text-editor\" data-id=\"0db3873\" data-element_type=\"widget\" data-e-type=\"widget\" data-widget_type=\"text-editor.default\">\n\t\t\t\t<div class=\"elementor-widget-container\">\n\t\t\t\t\t\t\t\t\t<p>OFFICEBRICKS<br \/>by STEMA Seyfried GmbH<br \/>J\u00e4gerstra\u00dfe 6-8<br \/>97877 Wertheim<br \/>Germany<\/p>\n<p>T\u00e9l. : +49 69 27 29 639-50<br \/>E-mail : <a href=\"mailto%20:info@officebricks.de\">info@officebricks.de<\/a><\/p>\n<p>Num\u00e9ro de TVA intercommunautaire: DE158221418<br \/>Amtsgericht Mannheim HRB 570324<br \/>Direction g\u00e9n\u00e9rale: Niklas Seyfried<\/p>\n<p><strong>Avis de droits d&rsquo;auteur\u00a0:<\/strong><\/p>\n<p>L\u2019ensemble des contenus (photos, textes, vid\u00e9os, sons, etc.), des donn\u00e9es ou tout autre \u00e9l\u00e9ment constitutif du site www.officebricks.de sont la propri\u00e9t\u00e9 exclusive de officebricks.de. Le droit d&rsquo;auteur \u00a9 de toutes les pages appartient \u00e0 officebricks.de. L&rsquo;utilisation d&rsquo;images\/logos et de textes n\u00e9cessite notre autorisation expresse ! Tous les logos et marques de divers fournisseurs utilis\u00e9s sur nos pages sont soumis \u00e0 leurs droits d&rsquo;auteur.<\/p>\n<p><strong>Juridique :<\/strong><\/p>\n<p>Si un article de ce site Web viole le droit d&rsquo;auteur, veuillez nous en informer au plus t\u00f4t par e-mail (<a href=\"mailto:info@officebricks.de\">info@officebricks.de<\/a>). Nous v\u00e9rifierons ensuite cet article et le supprimerons de l&rsquo;offre le cas \u00e9ch\u00e9ant.<\/p>\n<p><strong>Violation des droits de propri\u00e9t\u00e9 :<\/strong><\/p>\n<p>Si vous soup\u00e7onnez qu&rsquo;un de vos droits de propri\u00e9t\u00e9 est viol\u00e9 par ce site Web, veuillez nous en informer au plus t\u00f4t par e-mail (<a href=\"mailto:info@officebricks.de\">info@officebricks.de<\/a>) afin que des mesures correctives puissent \u00eatre prises rapidement. <strong>L&rsquo;intervention plus complexe d&rsquo;un avocat ou la mise en demeure de <a href=\"http:\/\/www.officebricks.de\">www.officebricks.de<\/a> ne correspondent pas \u00e0 ses souhaits r\u00e9els ou pr\u00e9sum\u00e9s<\/strong>.<\/p>\n<p><strong>Remarque concernant la plateforme en ligne de la Commission europ\u00e9enne sur la r\u00e9solution extrajudiciaire des litiges :<\/strong><\/p>\n<p>Par le R\u00c8GLEMENT (UE) n\u00b0 524\/2013 du 21 mai 2013, le PARLEMENT EUROP\u00c9EN et le CONSEIL EUROP\u00c9EN ont d\u00e9cid\u00e9 de cr\u00e9er une plateforme Internet destin\u00e9e \u00e0 permettre une r\u00e9solution extrajudiciaire en ligne ind\u00e9pendante, impartiale, transparente, efficace, rapide et \u00e9quitable des litiges entre consommateurs et professionnels \u00e0 l\u2019occasion de contrats de vente ou de services en ligne. Les consommateurs peuvent obtenir de plus amples informations et acc\u00e9der \u00e0 la plateforme via l&rsquo;URL <a href=\"https:\/\/ec.europa.eu\/consumers\/odr\/\">https:\/\/ec.europa.eu\/consumers\/odr\/<\/a>.<\/p>\n\t\t\t\t\t\t\t\t<\/div>\n\t\t\t\t<\/div>\n\t\t\t\t\t<\/div>\n\t\t<\/div>\n\t\t\t\t<div class=\"elementor-column elementor-col-50 elementor-top-column elementor-element elementor-element-e9f7755\" data-id=\"e9f7755\" data-element_type=\"column\" data-e-type=\"column\">\n\t\t\t<div class=\"elementor-widget-wrap elementor-element-populated\">\n\t\t\t\t\t\t<div class=\"elementor-element elementor-element-565d829 elementor-widget elementor-widget-text-editor\" data-id=\"565d829\" data-element_type=\"widget\" data-e-type=\"widget\" data-widget_type=\"text-editor.default\">\n\t\t\t\t<div class=\"elementor-widget-container\">\n\t\t\t\t\t\t\t\t\t<p><strong>Les mentions l\u00e9gales s&rsquo;appliquent \u00e9galement aux profils de r\u00e9seaux sociaux suivants :<\/strong><\/p>\n<ul>\n<li>Facebook : <a href=\"https:\/\/www.facebook.com\/OfficeBricks\">https:\/\/www.facebook.com\/OfficeBricks<\/a><\/li>\n<li>Instagram : <a href=\"https:\/\/www.instagram.com\/office_bricks\/\">https:\/\/www.instagram.com\/office_bricks\/<\/a><\/li>\n<li>Twitter: <a href=\"https:\/\/twitter.com\/OFFICE_BRICKS\">https:\/\/twitter.com\/OFFICE_BRICKS<\/a><\/li>\n<li>Pinterest: <a href=\"https:\/\/www.pinterest .com\/officebricks\">https:\/\/www.pinterest .com\/officebricks<\/a><\/li>\n<li>YouTube: https:\/\/www.youtube.com\/@officebricks9870<\/li>\n<\/ul>\n<p><\/p>\n<h4><strong>D\u00e9limitation :<\/strong><\/h4>\n<p>La pr\u00e9sence sur le Web fait partie du WWW et est donc li\u00e9e \u00e0 des sites Web externes susceptibles d\u2019\u00e9voluer \u00e0 tout moment, qui ne sont donc pas soumis \u00e0 cette responsabilit\u00e9 et pour lesquelles les pr\u00e9sentes mentions l\u00e9gales ne s&rsquo;appliquent pas. Le fait que les liens n&rsquo;enfreignent ni les m\u0153urs ni la loi a \u00e9t\u00e9 v\u00e9rifi\u00e9 une seule fois\u00a0: avant qu\u2019ils ne soient int\u00e9gr\u00e9s ici. De tels liens, qui m\u00e8nent \u00e0 des pages Web externes, sont g\u00e9n\u00e9ralement reconnaissables \u00e0 l\u2019ouverture d\u2019une nouvelle fen\u00eatre de navigation.<\/p>\n<p><strong>Responsabilit\u00e9 &#8211; Avis de non-responsabilit\u00e9 :<\/strong><\/p>\n<p>OFFICEBRICKS GmbH n&rsquo;est responsable que de ses propres contenus conform\u00e9ment aux lois g\u00e9n\u00e9rales. Nous ne garantissons pas l&rsquo;actualit\u00e9, l&rsquo;exactitude, l&rsquo;exhaustivit\u00e9 ou la qualit\u00e9 des donn\u00e9es et informations mises \u00e0 disposition.<br \/>Les contenus d&rsquo;autres fournisseurs auxquels OFFICEBRICKS GmbH renvoie via des liens directs ou indirects (links) ne refl\u00e8tent pas l&rsquo;opinion d&rsquo;OFFICEBRICKS GmbH. Nous ne sommes pas responsables des contenus d\u2019autres fournisseurs.<br \/>Ces fournisseurs sont eux-m\u00eames responsables du contenu des institutions juridiquement ind\u00e9pendantes et des utilisateurs individuels agr\u00e9\u00e9s par les syst\u00e8mes informatiques d&rsquo;OFFICEBRICKS GmbH.<\/p>\n\t\t\t\t\t\t\t\t<\/div>\n\t\t\t\t<\/div>\n\t\t\t\t\t<\/div>\n\t\t<\/div>\n\t\t\t\t\t<\/div>\n\t\t<\/section>\n\t\t\t\t<\/div>\n\t\t","protected":false},"excerpt":{"rendered":"<p>Mentions l\u00e9gales OFFICEBRICKSby STEMA Seyfried GmbHJ\u00e4gerstra\u00dfe 6-897877 WertheimGermany T\u00e9l. : +49 69 27 29 639-50E-mail : info@officebricks.de Num\u00e9ro de TVA intercommunautaire: DE158221418Amtsgericht Mannheim HRB 570324Direction g\u00e9n\u00e9rale: Niklas Seyfried Avis de droits d&rsquo;auteur\u00a0: L\u2019ensemble des contenus (photos, textes, vid\u00e9os, sons, etc.), des donn\u00e9es ou tout autre \u00e9l\u00e9ment constitutif du site www.officebricks.de sont la propri\u00e9t\u00e9 exclusive de [&hellip;]<\/p>\n","protected":false},"author":1,"featured_media":0,"parent":0,"menu_order":0,"comment_status":"closed","ping_status":"closed","template":"","meta":{"inline_featured_image":false,"footnotes":""},"class_list":["post-2228","page","type-page","status-publish","hentry"],"yoast_head":"<!-- This site is optimized with the Yoast SEO plugin v27.4 - https:\/\/yoast.com\/product\/yoast-seo-wordpress\/ -->\n<title>Mentions l\u00e9gales - OFFICEBRICKS<\/title>\n<meta name=\"robots\" content=\"noindex, nofollow\" \/>\n<meta property=\"og:locale\" content=\"fr_FR\" \/>\n<meta property=\"og:type\" content=\"article\" \/>\n<meta property=\"og:title\" content=\"Mentions l\u00e9gales - OFFICEBRICKS\" \/>\n<meta property=\"og:description\" content=\"Mentions l\u00e9gales OFFICEBRICKSby STEMA Seyfried GmbHJ\u00e4gerstra\u00dfe 6-897877 WertheimGermany T\u00e9l. : +49 69 27 29 639-50E-mail : info@officebricks.de Num\u00e9ro de TVA intercommunautaire: DE158221418Amtsgericht Mannheim HRB 570324Direction g\u00e9n\u00e9rale: Niklas Seyfried Avis de droits d&rsquo;auteur\u00a0: L\u2019ensemble des contenus (photos, textes, vid\u00e9os, sons, etc.), des donn\u00e9es ou tout autre \u00e9l\u00e9ment constitutif du site www.officebricks.de sont la propri\u00e9t\u00e9 exclusive de [&hellip;]\" \/>\n<meta property=\"og:url\" content=\"https:\/\/officebricks.de\/fr\/mentions-legales\/\" \/>\n<meta property=\"og:site_name\" content=\"OFFICEBRICKS\" \/>\n<meta property=\"article:modified_time\" content=\"2025-09-08T11:44:58+00:00\" \/>\n<meta name=\"twitter:card\" content=\"summary_large_image\" \/>\n<meta name=\"twitter:label1\" content=\"Dur\u00e9e de lecture estim\u00e9e\" \/>\n\t<meta name=\"twitter:data1\" content=\"3 minutes\" \/>\n<script type=\"application\/ld+json\" class=\"yoast-schema-graph\">{\"@context\":\"https:\\\/\\\/schema.org\",\"@graph\":[{\"@type\":\"WebPage\",\"@id\":\"https:\\\/\\\/officebricks.de\\\/fr\\\/mentions-legales\\\/\",\"url\":\"https:\\\/\\\/officebricks.de\\\/fr\\\/mentions-legales\\\/\",\"name\":\"Mentions l\u00e9gales - OFFICEBRICKS\",\"isPartOf\":{\"@id\":\"https:\\\/\\\/officebricks.de\\\/fr\\\/#website\"},\"datePublished\":\"2023-02-01T16:36:06+00:00\",\"dateModified\":\"2025-09-08T11:44:58+00:00\",\"breadcrumb\":{\"@id\":\"https:\\\/\\\/officebricks.de\\\/fr\\\/mentions-legales\\\/#breadcrumb\"},\"inLanguage\":\"fr-FR\",\"potentialAction\":[{\"@type\":\"ReadAction\",\"target\":[\"https:\\\/\\\/officebricks.de\\\/fr\\\/mentions-legales\\\/\"]}]},{\"@type\":\"BreadcrumbList\",\"@id\":\"https:\\\/\\\/officebricks.de\\\/fr\\\/mentions-legales\\\/#breadcrumb\",\"itemListElement\":[{\"@type\":\"ListItem\",\"position\":1,\"name\":\"Startseite\",\"item\":\"https:\\\/\\\/officebricks.de\\\/fr\\\/\"},{\"@type\":\"ListItem\",\"position\":2,\"name\":\"Mentions l\u00e9gales\"}]},{\"@type\":\"WebSite\",\"@id\":\"https:\\\/\\\/officebricks.de\\\/fr\\\/#website\",\"url\":\"https:\\\/\\\/officebricks.de\\\/fr\\\/\",\"name\":\"OFFICEBRICKS\",\"description\":\"\",\"publisher\":{\"@id\":\"https:\\\/\\\/officebricks.de\\\/fr\\\/#organization\"},\"potentialAction\":[{\"@type\":\"SearchAction\",\"target\":{\"@type\":\"EntryPoint\",\"urlTemplate\":\"https:\\\/\\\/officebricks.de\\\/fr\\\/?s={search_term_string}\"},\"query-input\":{\"@type\":\"PropertyValueSpecification\",\"valueRequired\":true,\"valueName\":\"search_term_string\"}}],\"inLanguage\":\"fr-FR\"},{\"@type\":\"Organization\",\"@id\":\"https:\\\/\\\/officebricks.de\\\/fr\\\/#organization\",\"name\":\"OFFICEBRICKS\",\"url\":\"https:\\\/\\\/officebricks.de\\\/fr\\\/\",\"logo\":{\"@type\":\"ImageObject\",\"inLanguage\":\"fr-FR\",\"@id\":\"https:\\\/\\\/officebricks.de\\\/fr\\\/#\\\/schema\\\/logo\\\/image\\\/\",\"url\":\"https:\\\/\\\/officebricks.de\\\/wp-content\\\/uploads\\\/2023\\\/02\\\/Logo-s01.svg\",\"contentUrl\":\"https:\\\/\\\/officebricks.de\\\/wp-content\\\/uploads\\\/2023\\\/02\\\/Logo-s01.svg\",\"width\":128,\"height\":50,\"caption\":\"OFFICEBRICKS\"},\"image\":{\"@id\":\"https:\\\/\\\/officebricks.de\\\/fr\\\/#\\\/schema\\\/logo\\\/image\\\/\"}}]}<\/script>\n<!-- \/ Yoast SEO plugin. -->","yoast_head_json":{"title":"Mentions l\u00e9gales - OFFICEBRICKS","robots":{"index":"noindex","follow":"nofollow"},"og_locale":"fr_FR","og_type":"article","og_title":"Mentions l\u00e9gales - OFFICEBRICKS","og_description":"Mentions l\u00e9gales OFFICEBRICKSby STEMA Seyfried GmbHJ\u00e4gerstra\u00dfe 6-897877 WertheimGermany T\u00e9l. : +49 69 27 29 639-50E-mail : info@officebricks.de Num\u00e9ro de TVA intercommunautaire: DE158221418Amtsgericht Mannheim HRB 570324Direction g\u00e9n\u00e9rale: Niklas Seyfried Avis de droits d&rsquo;auteur\u00a0: L\u2019ensemble des contenus (photos, textes, vid\u00e9os, sons, etc.), des donn\u00e9es ou tout autre \u00e9l\u00e9ment constitutif du site www.officebricks.de sont la propri\u00e9t\u00e9 exclusive de [&hellip;]","og_url":"https:\/\/officebricks.de\/fr\/mentions-legales\/","og_site_name":"OFFICEBRICKS","article_modified_time":"2025-09-08T11:44:58+00:00","twitter_card":"summary_large_image","twitter_misc":{"Dur\u00e9e de lecture estim\u00e9e":"3 minutes"},"schema":{"@context":"https:\/\/schema.org","@graph":[{"@type":"WebPage","@id":"https:\/\/officebricks.de\/fr\/mentions-legales\/","url":"https:\/\/officebricks.de\/fr\/mentions-legales\/","name":"Mentions l\u00e9gales - OFFICEBRICKS","isPartOf":{"@id":"https:\/\/officebricks.de\/fr\/#website"},"datePublished":"2023-02-01T16:36:06+00:00","dateModified":"2025-09-08T11:44:58+00:00","breadcrumb":{"@id":"https:\/\/officebricks.de\/fr\/mentions-legales\/#breadcrumb"},"inLanguage":"fr-FR","potentialAction":[{"@type":"ReadAction","target":["https:\/\/officebricks.de\/fr\/mentions-legales\/"]}]},{"@type":"BreadcrumbList","@id":"https:\/\/officebricks.de\/fr\/mentions-legales\/#breadcrumb","itemListElement":[{"@type":"ListItem","position":1,"name":"Startseite","item":"https:\/\/officebricks.de\/fr\/"},{"@type":"ListItem","position":2,"name":"Mentions l\u00e9gales"}]},{"@type":"WebSite","@id":"https:\/\/officebricks.de\/fr\/#website","url":"https:\/\/officebricks.de\/fr\/","name":"OFFICEBRICKS","description":"","publisher":{"@id":"https:\/\/officebricks.de\/fr\/#organization"},"potentialAction":[{"@type":"SearchAction","target":{"@type":"EntryPoint","urlTemplate":"https:\/\/officebricks.de\/fr\/?s={search_term_string}"},"query-input":{"@type":"PropertyValueSpecification","valueRequired":true,"valueName":"search_term_string"}}],"inLanguage":"fr-FR"},{"@type":"Organization","@id":"https:\/\/officebricks.de\/fr\/#organization","name":"OFFICEBRICKS","url":"https:\/\/officebricks.de\/fr\/","logo":{"@type":"ImageObject","inLanguage":"fr-FR","@id":"https:\/\/officebricks.de\/fr\/#\/schema\/logo\/image\/","url":"https:\/\/officebricks.de\/wp-content\/uploads\/2023\/02\/Logo-s01.svg","contentUrl":"https:\/\/officebricks.de\/wp-content\/uploads\/2023\/02\/Logo-s01.svg","width":128,"height":50,"caption":"OFFICEBRICKS"},"image":{"@id":"https:\/\/officebricks.de\/fr\/#\/schema\/logo\/image\/"}}]}},"_links":{"self":[{"href":"https:\/\/officebricks.de\/fr\/wp-json\/wp\/v2\/pages\/2228","targetHints":{"allow":["GET"]}}],"collection":[{"href":"https:\/\/officebricks.de\/fr\/wp-json\/wp\/v2\/pages"}],"about":[{"href":"https:\/\/officebricks.de\/fr\/wp-json\/wp\/v2\/types\/page"}],"author":[{"embeddable":true,"href":"https:\/\/officebricks.de\/fr\/wp-json\/wp\/v2\/users\/1"}],"replies":[{"embeddable":true,"href":"https:\/\/officebricks.de\/fr\/wp-json\/wp\/v2\/comments?post=2228"}],"version-history":[{"count":32,"href":"https:\/\/officebricks.de\/fr\/wp-json\/wp\/v2\/pages\/2228\/revisions"}],"predecessor-version":[{"id":3647,"href":"https:\/\/officebricks.de\/fr\/wp-json\/wp\/v2\/pages\/2228\/revisions\/3647"}],"wp:attachment":[{"href":"https:\/\/officebricks.de\/fr\/wp-json\/wp\/v2\/media?parent=2228"}],"curies":[{"name":"wp","href":"https:\/\/api.w.org\/{rel}","templated":true}]}}